{"id":2,"date":"2016-05-14T21:08:16","date_gmt":"2016-05-14T21:08:16","guid":{"rendered":"http:\/\/sialtamira.com\/?page_id=2"},"modified":"2021-07-26T12:23:21","modified_gmt":"2021-07-26T12:23:21","slug":"reformas-santander-torrelavega-cantabria","status":"publish","type":"page","link":"https:\/\/sialtamira.com\/?page_id=2","title":{"rendered":"Nosotros"},"content":{"rendered":"<p><a href=\"http:\/\/sialtamira.com\/wp-content\/uploads\/2016\/05\/nube.png\"><img loading=\"lazy\" decoding=\"async\" class=\"alignright wp-image-144\" src=\"http:\/\/sialtamira.com\/wp-content\/uploads\/2016\/05\/nube.png\" alt=\"nube\" width=\"250\" height=\"250\" srcset=\"https:\/\/sialtamira.com\/wp-content\/uploads\/2016\/05\/nube.png 200w, https:\/\/sialtamira.com\/wp-content\/uploads\/2016\/05\/nube-150x150.png 150w\" sizes=\"auto, (max-width: 250px) 100vw, 250px\" \/><\/a>SERVICIOS INTEGRALES ALTAMIRA es una empresa con una s\u00f3lida experiencia y con m\u00e1s de 20 a\u00f1os especializados en el an\u00e1lisis, gesti\u00f3n y ejecuci\u00f3n de obras de reforma o Construcci\u00f3n, realizando un trabajo multidisciplinar que comprende el proceso completo de las mismas.<\/p>\n<p>Para ello contamos con personal propio y una amplia cartera de proveedores e instaladores especialistas en cada \u00e1rea (Arquitectos, aparejadores e interioristas, as\u00ed como jefes de obra y alba\u00f1iles altamente cualificados).<\/p>\n<p>Nuestra estrecha vinculaci\u00f3n con la reforma a realizar y sus promotores determina nuestra forma de trabajo, siempre buscando la optimizaci\u00f3n de los recursos, espacios y prioridades del cliente, acompa\u00f1ando y asesorando en cada etapa del proceso por parte de todo el equipo de trabajo.<\/p>\n<p>Hemos implantando una metodolog\u00eda que divide en fases cada proyecto, en cada fase participan los especialistas responsables y todo el proyecto, est\u00e1 coordinado por un Project Manager que supervisa todas las etapas para evitar las desviaciones que se puedan preveer de antemano. De esta manera, y salvo imprevistos de fuerza mayor, los proyectos se entregan dentro de plazo y acordes con el presupuesto presentado.<\/p>\n<p>Esforz\u00e1ndonos\u00a0 d\u00eda a d\u00eda por mejorar\u00a0los servicios y el precio que\u00a0ofrecer a nuestro\u00a0cliente\u00a0siempre con un mejor resultado y acabado.<\/p>\n<p><strong>NUESTRA MISI\u00d3N<\/strong><\/p>\n<p>La realizaci\u00f3n de proyectos de reforma dentro de la Comunidad de Cantabria, de alta calidad tanto en el servicio como en el resultado.<\/p>\n<p><strong>NUESTRA VISI\u00d3N<\/strong><\/p>\n<p>Que toda aquella persona, instituci\u00f3n o empresa que necesite acometer una reforma o Construcci\u00f3n, pueda acceder a ella acorde con su presupuesto y que cuente con la mayor precisi\u00f3n y efectividad para que el proyecto sea un \u00e9xito en todas sus fases.<\/p>\n<p>Estamos deseando que nos cuentes tu proyecto para aportar todo nuestro valor humano y experiencia.<\/p>\n<p><strong>\u00a0<\/strong><\/p>\n","protected":false},"excerpt":{"rendered":"<p>SERVICIOS INTEGRALES ALTAMIRA es una empresa con una s\u00f3lida experiencia y con m\u00e1s de 20 a\u00f1os especializados en el an\u00e1lisis, gesti\u00f3n y ejecuci\u00f3n de obras de reforma o Construcci\u00f3n, realizando un trabajo multidisciplinar que comprende el proceso completo de las mismas. Para ello contamos con personal propio y una amplia cartera de proveedores e instaladores&hellip; <a class=\"more-link\" href=\"https:\/\/sialtamira.com\/?page_id=2\">Seguir leyendo <span class=\"screen-reader-text\">Nosotros<\/span><\/a><\/p>\n","protected":false},"author":1,"featured_media":0,"parent":0,"menu_order":0,"comment_status":"open","ping_status":"open","template":"","meta":{"footnotes":""},"class_list":["post-2","page","type-page","status-publish","hentry","entry"],"yoast_head":"<!-- This site is optimized with the Yoast SEO plugin v27.4 - https:\/\/yoast.com\/product\/yoast-seo-wordpress\/ -->\n<title>Nosotros - Reformas Construcci\u00f3n Santander Torrelavega Cantabria Altamira<\/title>\n<meta name=\"robots\" content=\"index, follow, max-snippet:-1, max-image-preview:large, max-video-preview:-1\" \/>\n<link rel=\"canonical\" href=\"https:\/\/sialtamira.com\/?page_id=2\" \/>\n<meta property=\"og:locale\" content=\"es_ES\" \/>\n<meta property=\"og:type\" content=\"article\" \/>\n<meta property=\"og:title\" content=\"Nosotros - Reformas Construcci\u00f3n Santander Torrelavega Cantabria Altamira\" \/>\n<meta property=\"og:description\" content=\"SERVICIOS INTEGRALES ALTAMIRA es una empresa con una s\u00f3lida experiencia y con m\u00e1s de 20 a\u00f1os especializados en el an\u00e1lisis, gesti\u00f3n y ejecuci\u00f3n de obras de reforma o Construcci\u00f3n, realizando un trabajo multidisciplinar que comprende el proceso completo de las mismas. Para ello contamos con personal propio y una amplia cartera de proveedores e instaladores&hellip; Seguir leyendo Nosotros\" \/>\n<meta property=\"og:url\" content=\"https:\/\/sialtamira.com\/?page_id=2\" \/>\n<meta property=\"og:site_name\" content=\"Reformas Construcci\u00f3n Santander Torrelavega Cantabria Altamira\" \/>\n<meta property=\"article:modified_time\" content=\"2021-07-26T12:23:21+00:00\" \/>\n<meta property=\"og:image\" content=\"http:\/\/sialtamira.com\/wp-content\/uploads\/2016\/05\/nube.png\" \/>\n<meta name=\"twitter:card\" content=\"summary_large_image\" \/>\n<meta name=\"twitter:label1\" content=\"Tiempo de lectura\" \/>\n\t<meta name=\"twitter:data1\" content=\"2 minutos\" \/>\n<script type=\"application\/ld+json\" class=\"yoast-schema-graph\">{\"@context\":\"https:\\\/\\\/schema.org\",\"@graph\":[{\"@type\":\"WebPage\",\"@id\":\"https:\\\/\\\/sialtamira.com\\\/?page_id=2\",\"url\":\"https:\\\/\\\/sialtamira.com\\\/?page_id=2\",\"name\":\"Nosotros - Reformas Construcci\u00f3n Santander Torrelavega Cantabria Altamira\",\"isPartOf\":{\"@id\":\"https:\\\/\\\/sialtamira.com\\\/#website\"},\"primaryImageOfPage\":{\"@id\":\"https:\\\/\\\/sialtamira.com\\\/?page_id=2#primaryimage\"},\"image\":{\"@id\":\"https:\\\/\\\/sialtamira.com\\\/?page_id=2#primaryimage\"},\"thumbnailUrl\":\"http:\\\/\\\/sialtamira.com\\\/wp-content\\\/uploads\\\/2016\\\/05\\\/nube.png\",\"datePublished\":\"2016-05-14T21:08:16+00:00\",\"dateModified\":\"2021-07-26T12:23:21+00:00\",\"breadcrumb\":{\"@id\":\"https:\\\/\\\/sialtamira.com\\\/?page_id=2#breadcrumb\"},\"inLanguage\":\"es\",\"potentialAction\":[{\"@type\":\"ReadAction\",\"target\":[\"https:\\\/\\\/sialtamira.com\\\/?page_id=2\"]}]},{\"@type\":\"ImageObject\",\"inLanguage\":\"es\",\"@id\":\"https:\\\/\\\/sialtamira.com\\\/?page_id=2#primaryimage\",\"url\":\"http:\\\/\\\/sialtamira.com\\\/wp-content\\\/uploads\\\/2016\\\/05\\\/nube.png\",\"contentUrl\":\"http:\\\/\\\/sialtamira.com\\\/wp-content\\\/uploads\\\/2016\\\/05\\\/nube.png\"},{\"@type\":\"BreadcrumbList\",\"@id\":\"https:\\\/\\\/sialtamira.com\\\/?page_id=2#breadcrumb\",\"itemListElement\":[{\"@type\":\"ListItem\",\"position\":1,\"name\":\"Portada\",\"item\":\"https:\\\/\\\/sialtamira.com\\\/\"},{\"@type\":\"ListItem\",\"position\":2,\"name\":\"Nosotros\"}]},{\"@type\":\"WebSite\",\"@id\":\"https:\\\/\\\/sialtamira.com\\\/#website\",\"url\":\"https:\\\/\\\/sialtamira.com\\\/\",\"name\":\"Reformas Construcci\u00f3n Santander Torrelavega Cantabria Altamira\",\"description\":\"CONSTRUCCI\u00d3N REFORMAS REHABILITACI\u00d3N\",\"potentialAction\":[{\"@type\":\"SearchAction\",\"target\":{\"@type\":\"EntryPoint\",\"urlTemplate\":\"https:\\\/\\\/sialtamira.com\\\/?s={search_term_string}\"},\"query-input\":{\"@type\":\"PropertyValueSpecification\",\"valueRequired\":true,\"valueName\":\"search_term_string\"}}],\"inLanguage\":\"es\"}]}<\/script>\n<!-- \/ Yoast SEO plugin. -->","yoast_head_json":{"title":"Nosotros - Reformas Construcci\u00f3n Santander Torrelavega Cantabria Altamira","robots":{"index":"index","follow":"follow","max-snippet":"max-snippet:-1","max-image-preview":"max-image-preview:large","max-video-preview":"max-video-preview:-1"},"canonical":"https:\/\/sialtamira.com\/?page_id=2","og_locale":"es_ES","og_type":"article","og_title":"Nosotros - Reformas Construcci\u00f3n Santander Torrelavega Cantabria Altamira","og_description":"SERVICIOS INTEGRALES ALTAMIRA es una empresa con una s\u00f3lida experiencia y con m\u00e1s de 20 a\u00f1os especializados en el an\u00e1lisis, gesti\u00f3n y ejecuci\u00f3n de obras de reforma o Construcci\u00f3n, realizando un trabajo multidisciplinar que comprende el proceso completo de las mismas. Para ello contamos con personal propio y una amplia cartera de proveedores e instaladores&hellip; Seguir leyendo Nosotros","og_url":"https:\/\/sialtamira.com\/?page_id=2","og_site_name":"Reformas Construcci\u00f3n Santander Torrelavega Cantabria Altamira","article_modified_time":"2021-07-26T12:23:21+00:00","og_image":[{"url":"http:\/\/sialtamira.com\/wp-content\/uploads\/2016\/05\/nube.png","type":"","width":"","height":""}],"twitter_card":"summary_large_image","twitter_misc":{"Tiempo de lectura":"2 minutos"},"schema":{"@context":"https:\/\/schema.org","@graph":[{"@type":"WebPage","@id":"https:\/\/sialtamira.com\/?page_id=2","url":"https:\/\/sialtamira.com\/?page_id=2","name":"Nosotros - Reformas Construcci\u00f3n Santander Torrelavega Cantabria Altamira","isPartOf":{"@id":"https:\/\/sialtamira.com\/#website"},"primaryImageOfPage":{"@id":"https:\/\/sialtamira.com\/?page_id=2#primaryimage"},"image":{"@id":"https:\/\/sialtamira.com\/?page_id=2#primaryimage"},"thumbnailUrl":"http:\/\/sialtamira.com\/wp-content\/uploads\/2016\/05\/nube.png","datePublished":"2016-05-14T21:08:16+00:00","dateModified":"2021-07-26T12:23:21+00:00","breadcrumb":{"@id":"https:\/\/sialtamira.com\/?page_id=2#breadcrumb"},"inLanguage":"es","potentialAction":[{"@type":"ReadAction","target":["https:\/\/sialtamira.com\/?page_id=2"]}]},{"@type":"ImageObject","inLanguage":"es","@id":"https:\/\/sialtamira.com\/?page_id=2#primaryimage","url":"http:\/\/sialtamira.com\/wp-content\/uploads\/2016\/05\/nube.png","contentUrl":"http:\/\/sialtamira.com\/wp-content\/uploads\/2016\/05\/nube.png"},{"@type":"BreadcrumbList","@id":"https:\/\/sialtamira.com\/?page_id=2#breadcrumb","itemListElement":[{"@type":"ListItem","position":1,"name":"Portada","item":"https:\/\/sialtamira.com\/"},{"@type":"ListItem","position":2,"name":"Nosotros"}]},{"@type":"WebSite","@id":"https:\/\/sialtamira.com\/#website","url":"https:\/\/sialtamira.com\/","name":"Reformas Construcci\u00f3n Santander Torrelavega Cantabria Altamira","description":"CONSTRUCCI\u00d3N REFORMAS REHABILITACI\u00d3N","potentialAction":[{"@type":"SearchAction","target":{"@type":"EntryPoint","urlTemplate":"https:\/\/sialtamira.com\/?s={search_term_string}"},"query-input":{"@type":"PropertyValueSpecification","valueRequired":true,"valueName":"search_term_string"}}],"inLanguage":"es"}]}},"_links":{"self":[{"href":"https:\/\/sialtamira.com\/index.php?rest_route=\/wp\/v2\/pages\/2","targetHints":{"allow":["GET"]}}],"collection":[{"href":"https:\/\/sialtamira.com\/index.php?rest_route=\/wp\/v2\/pages"}],"about":[{"href":"https:\/\/sialtamira.com\/index.php?rest_route=\/wp\/v2\/types\/page"}],"author":[{"embeddable":true,"href":"https:\/\/sialtamira.com\/index.php?rest_route=\/wp\/v2\/users\/1"}],"replies":[{"embeddable":true,"href":"https:\/\/sialtamira.com\/index.php?rest_route=%2Fwp%2Fv2%2Fcomments&post=2"}],"version-history":[{"count":8,"href":"https:\/\/sialtamira.com\/index.php?rest_route=\/wp\/v2\/pages\/2\/revisions"}],"predecessor-version":[{"id":246,"href":"https:\/\/sialtamira.com\/index.php?rest_route=\/wp\/v2\/pages\/2\/revisions\/246"}],"wp:attachment":[{"href":"https:\/\/sialtamira.com\/index.php?rest_route=%2Fwp%2Fv2%2Fmedia&parent=2"}],"curies":[{"name":"wp","href":"https:\/\/api.w.org\/{rel}","templated":true}]}}