{"id":257,"date":"2021-08-02T09:54:09","date_gmt":"2021-08-02T09:54:09","guid":{"rendered":"http:\/\/sialtamira.com\/?page_id=257"},"modified":"2021-08-02T10:10:21","modified_gmt":"2021-08-02T10:10:21","slug":"trabajos-varios","status":"publish","type":"page","link":"https:\/\/sialtamira.com\/?page_id=257","title":{"rendered":"Trabajos varios"},"content":{"rendered":"<figure id=\"attachment_258\" aria-describedby=\"caption-attachment-258\" style=\"width: 3264px\" class=\"wp-caption aligncenter\"><a href=\"http:\/\/sialtamira.com\/wp-content\/uploads\/2021\/08\/ALICATADO-Y-CERRAMIENTO-TERRAZA.jpg\"><img loading=\"lazy\" decoding=\"async\" class=\"size-full wp-image-258\" src=\"http:\/\/sialtamira.com\/wp-content\/uploads\/2021\/08\/ALICATADO-Y-CERRAMIENTO-TERRAZA.jpg\" alt=\"\" width=\"3264\" height=\"3264\" srcset=\"https:\/\/sialtamira.com\/wp-content\/uploads\/2021\/08\/ALICATADO-Y-CERRAMIENTO-TERRAZA.jpg 3264w, https:\/\/sialtamira.com\/wp-content\/uploads\/2021\/08\/ALICATADO-Y-CERRAMIENTO-TERRAZA-150x150.jpg 150w, https:\/\/sialtamira.com\/wp-content\/uploads\/2021\/08\/ALICATADO-Y-CERRAMIENTO-TERRAZA-300x300.jpg 300w, https:\/\/sialtamira.com\/wp-content\/uploads\/2021\/08\/ALICATADO-Y-CERRAMIENTO-TERRAZA-768x768.jpg 768w, https:\/\/sialtamira.com\/wp-content\/uploads\/2021\/08\/ALICATADO-Y-CERRAMIENTO-TERRAZA-1024x1024.jpg 1024w, https:\/\/sialtamira.com\/wp-content\/uploads\/2021\/08\/ALICATADO-Y-CERRAMIENTO-TERRAZA-270x270.jpg 270w, https:\/\/sialtamira.com\/wp-content\/uploads\/2021\/08\/ALICATADO-Y-CERRAMIENTO-TERRAZA-230x230.jpg 230w\" sizes=\"auto, (max-width: 3264px) 100vw, 3264px\" \/><\/a><figcaption id=\"caption-attachment-258\" class=\"wp-caption-text\">Alicatado paramento vertical y cerramiento terraza en Puente Arce.<\/figcaption><\/figure>\n","protected":false},"excerpt":{"rendered":"","protected":false},"author":1,"featured_media":0,"parent":40,"menu_order":0,"comment_status":"closed","ping_status":"closed","template":"","meta":{"footnotes":""},"class_list":["post-257","page","type-page","status-publish","hentry","entry"],"yoast_head":"<!-- This site is optimized with the Yoast SEO plugin v27.4 - https:\/\/yoast.com\/product\/yoast-seo-wordpress\/ -->\n<title>Trabajos varios - Reformas Construcci\u00f3n Santander Torrelavega Cantabria Altamira<\/title>\n<meta name=\"robots\" content=\"index, follow, max-snippet:-1, max-image-preview:large, max-video-preview:-1\" \/>\n<link rel=\"canonical\" href=\"https:\/\/sialtamira.com\/?page_id=257\" \/>\n<meta property=\"og:locale\" content=\"es_ES\" \/>\n<meta property=\"og:type\" content=\"article\" \/>\n<meta property=\"og:title\" content=\"Trabajos varios - Reformas Construcci\u00f3n Santander Torrelavega Cantabria Altamira\" \/>\n<meta property=\"og:url\" content=\"https:\/\/sialtamira.com\/?page_id=257\" \/>\n<meta property=\"og:site_name\" content=\"Reformas Construcci\u00f3n Santander Torrelavega Cantabria Altamira\" \/>\n<meta property=\"article:modified_time\" content=\"2021-08-02T10:10:21+00:00\" \/>\n<meta property=\"og:image\" content=\"http:\/\/sialtamira.com\/wp-content\/uploads\/2021\/08\/ALICATADO-Y-CERRAMIENTO-TERRAZA.jpg\" \/>\n<meta name=\"twitter:card\" content=\"summary_large_image\" \/>\n<script type=\"application\/ld+json\" class=\"yoast-schema-graph\">{\"@context\":\"https:\\\/\\\/schema.org\",\"@graph\":[{\"@type\":\"WebPage\",\"@id\":\"https:\\\/\\\/sialtamira.com\\\/?page_id=257\",\"url\":\"https:\\\/\\\/sialtamira.com\\\/?page_id=257\",\"name\":\"Trabajos varios - Reformas Construcci\u00f3n Santander Torrelavega Cantabria Altamira\",\"isPartOf\":{\"@id\":\"https:\\\/\\\/sialtamira.com\\\/#website\"},\"primaryImageOfPage\":{\"@id\":\"https:\\\/\\\/sialtamira.com\\\/?page_id=257#primaryimage\"},\"image\":{\"@id\":\"https:\\\/\\\/sialtamira.com\\\/?page_id=257#primaryimage\"},\"thumbnailUrl\":\"http:\\\/\\\/sialtamira.com\\\/wp-content\\\/uploads\\\/2021\\\/08\\\/ALICATADO-Y-CERRAMIENTO-TERRAZA.jpg\",\"datePublished\":\"2021-08-02T09:54:09+00:00\",\"dateModified\":\"2021-08-02T10:10:21+00:00\",\"breadcrumb\":{\"@id\":\"https:\\\/\\\/sialtamira.com\\\/?page_id=257#breadcrumb\"},\"inLanguage\":\"es\",\"potentialAction\":[{\"@type\":\"ReadAction\",\"target\":[\"https:\\\/\\\/sialtamira.com\\\/?page_id=257\"]}]},{\"@type\":\"ImageObject\",\"inLanguage\":\"es\",\"@id\":\"https:\\\/\\\/sialtamira.com\\\/?page_id=257#primaryimage\",\"url\":\"http:\\\/\\\/sialtamira.com\\\/wp-content\\\/uploads\\\/2021\\\/08\\\/ALICATADO-Y-CERRAMIENTO-TERRAZA.jpg\",\"contentUrl\":\"http:\\\/\\\/sialtamira.com\\\/wp-content\\\/uploads\\\/2021\\\/08\\\/ALICATADO-Y-CERRAMIENTO-TERRAZA.jpg\"},{\"@type\":\"BreadcrumbList\",\"@id\":\"https:\\\/\\\/sialtamira.com\\\/?page_id=257#breadcrumb\",\"itemListElement\":[{\"@type\":\"ListItem\",\"position\":1,\"name\":\"Portada\",\"item\":\"https:\\\/\\\/sialtamira.com\\\/\"},{\"@type\":\"ListItem\",\"position\":2,\"name\":\"Trabajos\",\"item\":\"https:\\\/\\\/sialtamira.com\\\/?page_id=40\"},{\"@type\":\"ListItem\",\"position\":3,\"name\":\"Trabajos varios\"}]},{\"@type\":\"WebSite\",\"@id\":\"https:\\\/\\\/sialtamira.com\\\/#website\",\"url\":\"https:\\\/\\\/sialtamira.com\\\/\",\"name\":\"Reformas Construcci\u00f3n Santander Torrelavega Cantabria Altamira\",\"description\":\"CONSTRUCCI\u00d3N REFORMAS REHABILITACI\u00d3N\",\"potentialAction\":[{\"@type\":\"SearchAction\",\"target\":{\"@type\":\"EntryPoint\",\"urlTemplate\":\"https:\\\/\\\/sialtamira.com\\\/?s={search_term_string}\"},\"query-input\":{\"@type\":\"PropertyValueSpecification\",\"valueRequired\":true,\"valueName\":\"search_term_string\"}}],\"inLanguage\":\"es\"}]}<\/script>\n<!-- \/ Yoast SEO plugin. -->","yoast_head_json":{"title":"Trabajos varios - Reformas Construcci\u00f3n Santander Torrelavega Cantabria Altamira","robots":{"index":"index","follow":"follow","max-snippet":"max-snippet:-1","max-image-preview":"max-image-preview:large","max-video-preview":"max-video-preview:-1"},"canonical":"https:\/\/sialtamira.com\/?page_id=257","og_locale":"es_ES","og_type":"article","og_title":"Trabajos varios - Reformas Construcci\u00f3n Santander Torrelavega Cantabria Altamira","og_url":"https:\/\/sialtamira.com\/?page_id=257","og_site_name":"Reformas Construcci\u00f3n Santander Torrelavega Cantabria Altamira","article_modified_time":"2021-08-02T10:10:21+00:00","og_image":[{"url":"http:\/\/sialtamira.com\/wp-content\/uploads\/2021\/08\/ALICATADO-Y-CERRAMIENTO-TERRAZA.jpg","type":"","width":"","height":""}],"twitter_card":"summary_large_image","schema":{"@context":"https:\/\/schema.org","@graph":[{"@type":"WebPage","@id":"https:\/\/sialtamira.com\/?page_id=257","url":"https:\/\/sialtamira.com\/?page_id=257","name":"Trabajos varios - Reformas Construcci\u00f3n Santander Torrelavega Cantabria Altamira","isPartOf":{"@id":"https:\/\/sialtamira.com\/#website"},"primaryImageOfPage":{"@id":"https:\/\/sialtamira.com\/?page_id=257#primaryimage"},"image":{"@id":"https:\/\/sialtamira.com\/?page_id=257#primaryimage"},"thumbnailUrl":"http:\/\/sialtamira.com\/wp-content\/uploads\/2021\/08\/ALICATADO-Y-CERRAMIENTO-TERRAZA.jpg","datePublished":"2021-08-02T09:54:09+00:00","dateModified":"2021-08-02T10:10:21+00:00","breadcrumb":{"@id":"https:\/\/sialtamira.com\/?page_id=257#breadcrumb"},"inLanguage":"es","potentialAction":[{"@type":"ReadAction","target":["https:\/\/sialtamira.com\/?page_id=257"]}]},{"@type":"ImageObject","inLanguage":"es","@id":"https:\/\/sialtamira.com\/?page_id=257#primaryimage","url":"http:\/\/sialtamira.com\/wp-content\/uploads\/2021\/08\/ALICATADO-Y-CERRAMIENTO-TERRAZA.jpg","contentUrl":"http:\/\/sialtamira.com\/wp-content\/uploads\/2021\/08\/ALICATADO-Y-CERRAMIENTO-TERRAZA.jpg"},{"@type":"BreadcrumbList","@id":"https:\/\/sialtamira.com\/?page_id=257#breadcrumb","itemListElement":[{"@type":"ListItem","position":1,"name":"Portada","item":"https:\/\/sialtamira.com\/"},{"@type":"ListItem","position":2,"name":"Trabajos","item":"https:\/\/sialtamira.com\/?page_id=40"},{"@type":"ListItem","position":3,"name":"Trabajos varios"}]},{"@type":"WebSite","@id":"https:\/\/sialtamira.com\/#website","url":"https:\/\/sialtamira.com\/","name":"Reformas Construcci\u00f3n Santander Torrelavega Cantabria Altamira","description":"CONSTRUCCI\u00d3N REFORMAS REHABILITACI\u00d3N","potentialAction":[{"@type":"SearchAction","target":{"@type":"EntryPoint","urlTemplate":"https:\/\/sialtamira.com\/?s={search_term_string}"},"query-input":{"@type":"PropertyValueSpecification","valueRequired":true,"valueName":"search_term_string"}}],"inLanguage":"es"}]}},"_links":{"self":[{"href":"https:\/\/sialtamira.com\/index.php?rest_route=\/wp\/v2\/pages\/257","targetHints":{"allow":["GET"]}}],"collection":[{"href":"https:\/\/sialtamira.com\/index.php?rest_route=\/wp\/v2\/pages"}],"about":[{"href":"https:\/\/sialtamira.com\/index.php?rest_route=\/wp\/v2\/types\/page"}],"author":[{"embeddable":true,"href":"https:\/\/sialtamira.com\/index.php?rest_route=\/wp\/v2\/users\/1"}],"replies":[{"embeddable":true,"href":"https:\/\/sialtamira.com\/index.php?rest_route=%2Fwp%2Fv2%2Fcomments&post=257"}],"version-history":[{"count":1,"href":"https:\/\/sialtamira.com\/index.php?rest_route=\/wp\/v2\/pages\/257\/revisions"}],"predecessor-version":[{"id":259,"href":"https:\/\/sialtamira.com\/index.php?rest_route=\/wp\/v2\/pages\/257\/revisions\/259"}],"up":[{"embeddable":true,"href":"https:\/\/sialtamira.com\/index.php?rest_route=\/wp\/v2\/pages\/40"}],"wp:attachment":[{"href":"https:\/\/sialtamira.com\/index.php?rest_route=%2Fwp%2Fv2%2Fmedia&parent=257"}],"curies":[{"name":"wp","href":"https:\/\/api.w.org\/{rel}","templated":true}]}}