{"id":28,"date":"2016-05-15T09:01:52","date_gmt":"2016-05-15T09:01:52","guid":{"rendered":"http:\/\/sialtamira.com\/?page_id=28"},"modified":"2021-08-02T12:43:35","modified_gmt":"2021-08-02T12:43:35","slug":"reforma-de-bano","status":"publish","type":"page","link":"https:\/\/sialtamira.com\/?page_id=28","title":{"rendered":"Reforma de ba\u00f1o"},"content":{"rendered":"<figure id=\"attachment_274\" aria-describedby=\"caption-attachment-274\" style=\"width: 3158px\" class=\"wp-caption aligncenter\"><a href=\"http:\/\/sialtamira.com\/wp-content\/uploads\/2021\/08\/BA\u00d1O-CORBAN.jpg\"><img loading=\"lazy\" decoding=\"async\" class=\"size-full wp-image-274\" src=\"http:\/\/sialtamira.com\/wp-content\/uploads\/2021\/08\/BA\u00d1O-CORBAN.jpg\" alt=\"\" width=\"3158\" height=\"3264\" srcset=\"https:\/\/sialtamira.com\/wp-content\/uploads\/2021\/08\/BA\u00d1O-CORBAN.jpg 3158w, https:\/\/sialtamira.com\/wp-content\/uploads\/2021\/08\/BA\u00d1O-CORBAN-290x300.jpg 290w, https:\/\/sialtamira.com\/wp-content\/uploads\/2021\/08\/BA\u00d1O-CORBAN-768x794.jpg 768w, https:\/\/sialtamira.com\/wp-content\/uploads\/2021\/08\/BA\u00d1O-CORBAN-991x1024.jpg 991w\" sizes=\"auto, (max-width: 3158px) 100vw, 3158px\" \/><\/a><figcaption id=\"caption-attachment-274\" class=\"wp-caption-text\">Reforma integral de ba\u00f1o en Santander.<\/figcaption><\/figure>\n<figure id=\"attachment_279\" aria-describedby=\"caption-attachment-279\" style=\"width: 900px\" class=\"wp-caption aligncenter\"><a href=\"http:\/\/sialtamira.com\/wp-content\/uploads\/2021\/08\/IMG-20180619-WA0032.jpg\"><img loading=\"lazy\" decoding=\"async\" class=\"size-full wp-image-279\" src=\"http:\/\/sialtamira.com\/wp-content\/uploads\/2021\/08\/IMG-20180619-WA0032.jpg\" alt=\"\" width=\"900\" height=\"1600\" srcset=\"https:\/\/sialtamira.com\/wp-content\/uploads\/2021\/08\/IMG-20180619-WA0032.jpg 900w, https:\/\/sialtamira.com\/wp-content\/uploads\/2021\/08\/IMG-20180619-WA0032-169x300.jpg 169w, https:\/\/sialtamira.com\/wp-content\/uploads\/2021\/08\/IMG-20180619-WA0032-768x1365.jpg 768w, https:\/\/sialtamira.com\/wp-content\/uploads\/2021\/08\/IMG-20180619-WA0032-576x1024.jpg 576w\" sizes=\"auto, (max-width: 900px) 100vw, 900px\" \/><\/a><figcaption id=\"caption-attachment-279\" class=\"wp-caption-text\">Reforma en ba\u00f1o r\u00fastico en Astillero.<\/figcaption><\/figure>\n<figure id=\"attachment_277\" aria-describedby=\"caption-attachment-277\" style=\"width: 2976px\" class=\"wp-caption aligncenter\"><a href=\"http:\/\/sialtamira.com\/wp-content\/uploads\/2021\/08\/IMG_20190815_183908.jpg\"><img loading=\"lazy\" decoding=\"async\" class=\"size-full wp-image-277\" src=\"http:\/\/sialtamira.com\/wp-content\/uploads\/2021\/08\/IMG_20190815_183908.jpg\" alt=\"\" width=\"2976\" height=\"3968\" srcset=\"https:\/\/sialtamira.com\/wp-content\/uploads\/2021\/08\/IMG_20190815_183908.jpg 2976w, https:\/\/sialtamira.com\/wp-content\/uploads\/2021\/08\/IMG_20190815_183908-225x300.jpg 225w, https:\/\/sialtamira.com\/wp-content\/uploads\/2021\/08\/IMG_20190815_183908-768x1024.jpg 768w\" sizes=\"auto, (max-width: 2976px) 100vw, 2976px\" \/><\/a><figcaption id=\"caption-attachment-277\" class=\"wp-caption-text\">Reformas integral para bar, en Comillas<\/figcaption><\/figure>\n","protected":false},"excerpt":{"rendered":"","protected":false},"author":1,"featured_media":0,"parent":0,"menu_order":0,"comment_status":"closed","ping_status":"open","template":"","meta":{"footnotes":""},"class_list":["post-28","page","type-page","status-publish","hentry","entry"],"yoast_head":"<!-- This site is optimized with the Yoast SEO plugin v27.4 - https:\/\/yoast.com\/product\/yoast-seo-wordpress\/ -->\n<title>Reforma de ba\u00f1o - Reformas Construcci\u00f3n Santander Torrelavega Cantabria Altamira<\/title>\n<meta name=\"robots\" content=\"index, follow, max-snippet:-1, max-image-preview:large, max-video-preview:-1\" \/>\n<link rel=\"canonical\" href=\"https:\/\/sialtamira.com\/?page_id=28\" \/>\n<meta property=\"og:locale\" content=\"es_ES\" \/>\n<meta property=\"og:type\" content=\"article\" \/>\n<meta property=\"og:title\" content=\"Reforma de ba\u00f1o - Reformas Construcci\u00f3n Santander Torrelavega Cantabria Altamira\" \/>\n<meta property=\"og:url\" content=\"https:\/\/sialtamira.com\/?page_id=28\" \/>\n<meta property=\"og:site_name\" content=\"Reformas Construcci\u00f3n Santander Torrelavega Cantabria Altamira\" \/>\n<meta property=\"article:modified_time\" content=\"2021-08-02T12:43:35+00:00\" \/>\n<meta property=\"og:image\" content=\"http:\/\/sialtamira.com\/wp-content\/uploads\/2021\/08\/IMG-20180619-WA0032.jpg\" \/>\n<meta name=\"twitter:card\" content=\"summary_large_image\" \/>\n<script type=\"application\/ld+json\" class=\"yoast-schema-graph\">{\"@context\":\"https:\\\/\\\/schema.org\",\"@graph\":[{\"@type\":\"WebPage\",\"@id\":\"https:\\\/\\\/sialtamira.com\\\/?page_id=28\",\"url\":\"https:\\\/\\\/sialtamira.com\\\/?page_id=28\",\"name\":\"Reforma de ba\u00f1o - Reformas Construcci\u00f3n Santander Torrelavega Cantabria Altamira\",\"isPartOf\":{\"@id\":\"https:\\\/\\\/sialtamira.com\\\/#website\"},\"primaryImageOfPage\":{\"@id\":\"https:\\\/\\\/sialtamira.com\\\/?page_id=28#primaryimage\"},\"image\":{\"@id\":\"https:\\\/\\\/sialtamira.com\\\/?page_id=28#primaryimage\"},\"thumbnailUrl\":\"http:\\\/\\\/sialtamira.com\\\/wp-content\\\/uploads\\\/2021\\\/08\\\/IMG-20180619-WA0032.jpg\",\"datePublished\":\"2016-05-15T09:01:52+00:00\",\"dateModified\":\"2021-08-02T12:43:35+00:00\",\"breadcrumb\":{\"@id\":\"https:\\\/\\\/sialtamira.com\\\/?page_id=28#breadcrumb\"},\"inLanguage\":\"es\",\"potentialAction\":[{\"@type\":\"ReadAction\",\"target\":[\"https:\\\/\\\/sialtamira.com\\\/?page_id=28\"]}]},{\"@type\":\"ImageObject\",\"inLanguage\":\"es\",\"@id\":\"https:\\\/\\\/sialtamira.com\\\/?page_id=28#primaryimage\",\"url\":\"http:\\\/\\\/sialtamira.com\\\/wp-content\\\/uploads\\\/2021\\\/08\\\/IMG-20180619-WA0032.jpg\",\"contentUrl\":\"http:\\\/\\\/sialtamira.com\\\/wp-content\\\/uploads\\\/2021\\\/08\\\/IMG-20180619-WA0032.jpg\"},{\"@type\":\"BreadcrumbList\",\"@id\":\"https:\\\/\\\/sialtamira.com\\\/?page_id=28#breadcrumb\",\"itemListElement\":[{\"@type\":\"ListItem\",\"position\":1,\"name\":\"Portada\",\"item\":\"https:\\\/\\\/sialtamira.com\\\/\"},{\"@type\":\"ListItem\",\"position\":2,\"name\":\"Reforma de ba\u00f1o\"}]},{\"@type\":\"WebSite\",\"@id\":\"https:\\\/\\\/sialtamira.com\\\/#website\",\"url\":\"https:\\\/\\\/sialtamira.com\\\/\",\"name\":\"Reformas Construcci\u00f3n Santander Torrelavega Cantabria Altamira\",\"description\":\"CONSTRUCCI\u00d3N REFORMAS REHABILITACI\u00d3N\",\"potentialAction\":[{\"@type\":\"SearchAction\",\"target\":{\"@type\":\"EntryPoint\",\"urlTemplate\":\"https:\\\/\\\/sialtamira.com\\\/?s={search_term_string}\"},\"query-input\":{\"@type\":\"PropertyValueSpecification\",\"valueRequired\":true,\"valueName\":\"search_term_string\"}}],\"inLanguage\":\"es\"}]}<\/script>\n<!-- \/ Yoast SEO plugin. -->","yoast_head_json":{"title":"Reforma de ba\u00f1o - Reformas Construcci\u00f3n Santander Torrelavega Cantabria Altamira","robots":{"index":"index","follow":"follow","max-snippet":"max-snippet:-1","max-image-preview":"max-image-preview:large","max-video-preview":"max-video-preview:-1"},"canonical":"https:\/\/sialtamira.com\/?page_id=28","og_locale":"es_ES","og_type":"article","og_title":"Reforma de ba\u00f1o - Reformas Construcci\u00f3n Santander Torrelavega Cantabria Altamira","og_url":"https:\/\/sialtamira.com\/?page_id=28","og_site_name":"Reformas Construcci\u00f3n Santander Torrelavega Cantabria Altamira","article_modified_time":"2021-08-02T12:43:35+00:00","og_image":[{"url":"http:\/\/sialtamira.com\/wp-content\/uploads\/2021\/08\/IMG-20180619-WA0032.jpg","type":"","width":"","height":""}],"twitter_card":"summary_large_image","schema":{"@context":"https:\/\/schema.org","@graph":[{"@type":"WebPage","@id":"https:\/\/sialtamira.com\/?page_id=28","url":"https:\/\/sialtamira.com\/?page_id=28","name":"Reforma de ba\u00f1o - Reformas Construcci\u00f3n Santander Torrelavega Cantabria Altamira","isPartOf":{"@id":"https:\/\/sialtamira.com\/#website"},"primaryImageOfPage":{"@id":"https:\/\/sialtamira.com\/?page_id=28#primaryimage"},"image":{"@id":"https:\/\/sialtamira.com\/?page_id=28#primaryimage"},"thumbnailUrl":"http:\/\/sialtamira.com\/wp-content\/uploads\/2021\/08\/IMG-20180619-WA0032.jpg","datePublished":"2016-05-15T09:01:52+00:00","dateModified":"2021-08-02T12:43:35+00:00","breadcrumb":{"@id":"https:\/\/sialtamira.com\/?page_id=28#breadcrumb"},"inLanguage":"es","potentialAction":[{"@type":"ReadAction","target":["https:\/\/sialtamira.com\/?page_id=28"]}]},{"@type":"ImageObject","inLanguage":"es","@id":"https:\/\/sialtamira.com\/?page_id=28#primaryimage","url":"http:\/\/sialtamira.com\/wp-content\/uploads\/2021\/08\/IMG-20180619-WA0032.jpg","contentUrl":"http:\/\/sialtamira.com\/wp-content\/uploads\/2021\/08\/IMG-20180619-WA0032.jpg"},{"@type":"BreadcrumbList","@id":"https:\/\/sialtamira.com\/?page_id=28#breadcrumb","itemListElement":[{"@type":"ListItem","position":1,"name":"Portada","item":"https:\/\/sialtamira.com\/"},{"@type":"ListItem","position":2,"name":"Reforma de ba\u00f1o"}]},{"@type":"WebSite","@id":"https:\/\/sialtamira.com\/#website","url":"https:\/\/sialtamira.com\/","name":"Reformas Construcci\u00f3n Santander Torrelavega Cantabria Altamira","description":"CONSTRUCCI\u00d3N REFORMAS REHABILITACI\u00d3N","potentialAction":[{"@type":"SearchAction","target":{"@type":"EntryPoint","urlTemplate":"https:\/\/sialtamira.com\/?s={search_term_string}"},"query-input":{"@type":"PropertyValueSpecification","valueRequired":true,"valueName":"search_term_string"}}],"inLanguage":"es"}]}},"_links":{"self":[{"href":"https:\/\/sialtamira.com\/index.php?rest_route=\/wp\/v2\/pages\/28","targetHints":{"allow":["GET"]}}],"collection":[{"href":"https:\/\/sialtamira.com\/index.php?rest_route=\/wp\/v2\/pages"}],"about":[{"href":"https:\/\/sialtamira.com\/index.php?rest_route=\/wp\/v2\/types\/page"}],"author":[{"embeddable":true,"href":"https:\/\/sialtamira.com\/index.php?rest_route=\/wp\/v2\/users\/1"}],"replies":[{"embeddable":true,"href":"https:\/\/sialtamira.com\/index.php?rest_route=%2Fwp%2Fv2%2Fcomments&post=28"}],"version-history":[{"count":5,"href":"https:\/\/sialtamira.com\/index.php?rest_route=\/wp\/v2\/pages\/28\/revisions"}],"predecessor-version":[{"id":280,"href":"https:\/\/sialtamira.com\/index.php?rest_route=\/wp\/v2\/pages\/28\/revisions\/280"}],"wp:attachment":[{"href":"https:\/\/sialtamira.com\/index.php?rest_route=%2Fwp%2Fv2%2Fmedia&parent=28"}],"curies":[{"name":"wp","href":"https:\/\/api.w.org\/{rel}","templated":true}]}}