{"id":36,"date":"2016-05-15T09:03:14","date_gmt":"2016-05-15T09:03:14","guid":{"rendered":"http:\/\/sialtamira.com\/?page_id=36"},"modified":"2021-08-02T10:28:18","modified_gmt":"2021-08-02T10:28:18","slug":"obras-en-comunidades-de-propietarios","status":"publish","type":"page","link":"https:\/\/sialtamira.com\/?page_id=36","title":{"rendered":"Obras en comunidades de propietarios"},"content":{"rendered":"<figure id=\"attachment_265\" aria-describedby=\"caption-attachment-265\" style=\"width: 3018px\" class=\"wp-caption aligncenter\"><a href=\"http:\/\/sialtamira.com\/wp-content\/uploads\/2021\/08\/MURO-CARAVISTA.jpg\"><img loading=\"lazy\" decoding=\"async\" class=\"size-full wp-image-265\" src=\"http:\/\/sialtamira.com\/wp-content\/uploads\/2021\/08\/MURO-CARAVISTA.jpg\" alt=\"\" width=\"3018\" height=\"3264\" srcset=\"https:\/\/sialtamira.com\/wp-content\/uploads\/2021\/08\/MURO-CARAVISTA.jpg 3018w, https:\/\/sialtamira.com\/wp-content\/uploads\/2021\/08\/MURO-CARAVISTA-277x300.jpg 277w, https:\/\/sialtamira.com\/wp-content\/uploads\/2021\/08\/MURO-CARAVISTA-768x831.jpg 768w, https:\/\/sialtamira.com\/wp-content\/uploads\/2021\/08\/MURO-CARAVISTA-947x1024.jpg 947w\" sizes=\"auto, (max-width: 3018px) 100vw, 3018px\" \/><\/a><figcaption id=\"caption-attachment-265\" class=\"wp-caption-text\">Reparaci\u00f3n de muro caravista en Joaqu\u00edn Costa, Santander.<\/figcaption><\/figure>\n<figure id=\"attachment_255\" aria-describedby=\"caption-attachment-255\" style=\"width: 3264px\" class=\"wp-caption aligncenter\"><a href=\"http:\/\/sialtamira.com\/wp-content\/uploads\/2021\/08\/DIVISION-CONTADORES.jpg\"><img loading=\"lazy\" decoding=\"async\" class=\"wp-image-255 size-full\" src=\"http:\/\/sialtamira.com\/wp-content\/uploads\/2021\/08\/DIVISION-CONTADORES.jpg\" alt=\"\" width=\"3264\" height=\"2725\" srcset=\"https:\/\/sialtamira.com\/wp-content\/uploads\/2021\/08\/DIVISION-CONTADORES.jpg 3264w, https:\/\/sialtamira.com\/wp-content\/uploads\/2021\/08\/DIVISION-CONTADORES-300x250.jpg 300w, https:\/\/sialtamira.com\/wp-content\/uploads\/2021\/08\/DIVISION-CONTADORES-768x641.jpg 768w, https:\/\/sialtamira.com\/wp-content\/uploads\/2021\/08\/DIVISION-CONTADORES-1024x855.jpg 1024w\" sizes=\"auto, (max-width: 3264px) 100vw, 3264px\" \/><\/a><figcaption id=\"caption-attachment-255\" class=\"wp-caption-text\">Divisi\u00f3n de contadores en Malia\u00f1o.<\/figcaption><\/figure>\n<figure id=\"attachment_253\" aria-describedby=\"caption-attachment-253\" style=\"width: 3264px\" class=\"wp-caption aligncenter\"><a href=\"http:\/\/sialtamira.com\/wp-content\/uploads\/2021\/08\/alberi-fachada.jpg\"><img loading=\"lazy\" decoding=\"async\" class=\"wp-image-253 size-full\" src=\"http:\/\/sialtamira.com\/wp-content\/uploads\/2021\/08\/alberi-fachada.jpg\" alt=\"\" width=\"3264\" height=\"2725\" srcset=\"https:\/\/sialtamira.com\/wp-content\/uploads\/2021\/08\/alberi-fachada.jpg 3264w, https:\/\/sialtamira.com\/wp-content\/uploads\/2021\/08\/alberi-fachada-300x250.jpg 300w, https:\/\/sialtamira.com\/wp-content\/uploads\/2021\/08\/alberi-fachada-768x641.jpg 768w, https:\/\/sialtamira.com\/wp-content\/uploads\/2021\/08\/alberi-fachada-1024x855.jpg 1024w\" sizes=\"auto, (max-width: 3264px) 100vw, 3264px\" \/><\/a><figcaption id=\"caption-attachment-253\" class=\"wp-caption-text\">Reforma de fachada completa con grapa vista en La Albericia, Santander.<\/figcaption><\/figure>\n<figure id=\"attachment_250\" aria-describedby=\"caption-attachment-250\" style=\"width: 3264px\" class=\"wp-caption aligncenter\"><a href=\"http:\/\/sialtamira.com\/wp-content\/uploads\/2021\/08\/colombia15.jpg\"><img loading=\"lazy\" decoding=\"async\" class=\"wp-image-250 size-full\" src=\"http:\/\/sialtamira.com\/wp-content\/uploads\/2021\/08\/colombia15.jpg\" alt=\"\" width=\"3264\" height=\"2725\" srcset=\"https:\/\/sialtamira.com\/wp-content\/uploads\/2021\/08\/colombia15.jpg 3264w, https:\/\/sialtamira.com\/wp-content\/uploads\/2021\/08\/colombia15-300x250.jpg 300w, https:\/\/sialtamira.com\/wp-content\/uploads\/2021\/08\/colombia15-768x641.jpg 768w, https:\/\/sialtamira.com\/wp-content\/uploads\/2021\/08\/colombia15-1024x855.jpg 1024w\" sizes=\"auto, (max-width: 3264px) 100vw, 3264px\" \/><\/a><figcaption id=\"caption-attachment-250\" class=\"wp-caption-text\">Reforma de tejado y fachada en Colombia 15, Santander.<\/figcaption><\/figure>\n","protected":false},"excerpt":{"rendered":"","protected":false},"author":1,"featured_media":0,"parent":0,"menu_order":0,"comment_status":"closed","ping_status":"closed","template":"","meta":{"footnotes":""},"class_list":["post-36","page","type-page","status-publish","hentry","entry"],"yoast_head":"<!-- This site is optimized with the Yoast SEO plugin v27.4 - https:\/\/yoast.com\/product\/yoast-seo-wordpress\/ -->\n<title>Obras en comunidades de propietarios - Reformas Construcci\u00f3n Santander Torrelavega Cantabria Altamira<\/title>\n<meta name=\"robots\" content=\"index, follow, max-snippet:-1, max-image-preview:large, max-video-preview:-1\" \/>\n<link rel=\"canonical\" href=\"https:\/\/sialtamira.com\/?page_id=36\" \/>\n<meta property=\"og:locale\" content=\"es_ES\" \/>\n<meta property=\"og:type\" content=\"article\" \/>\n<meta property=\"og:title\" content=\"Obras en comunidades de propietarios - Reformas Construcci\u00f3n Santander Torrelavega Cantabria Altamira\" \/>\n<meta property=\"og:url\" content=\"https:\/\/sialtamira.com\/?page_id=36\" \/>\n<meta property=\"og:site_name\" content=\"Reformas Construcci\u00f3n Santander Torrelavega Cantabria Altamira\" \/>\n<meta property=\"article:modified_time\" content=\"2021-08-02T10:28:18+00:00\" \/>\n<meta property=\"og:image\" content=\"http:\/\/sialtamira.com\/wp-content\/uploads\/2021\/08\/MURO-CARAVISTA.jpg\" \/>\n<meta name=\"twitter:card\" content=\"summary_large_image\" \/>\n<script type=\"application\/ld+json\" class=\"yoast-schema-graph\">{\"@context\":\"https:\\\/\\\/schema.org\",\"@graph\":[{\"@type\":\"WebPage\",\"@id\":\"https:\\\/\\\/sialtamira.com\\\/?page_id=36\",\"url\":\"https:\\\/\\\/sialtamira.com\\\/?page_id=36\",\"name\":\"Obras en comunidades de propietarios - Reformas Construcci\u00f3n Santander Torrelavega Cantabria Altamira\",\"isPartOf\":{\"@id\":\"https:\\\/\\\/sialtamira.com\\\/#website\"},\"primaryImageOfPage\":{\"@id\":\"https:\\\/\\\/sialtamira.com\\\/?page_id=36#primaryimage\"},\"image\":{\"@id\":\"https:\\\/\\\/sialtamira.com\\\/?page_id=36#primaryimage\"},\"thumbnailUrl\":\"http:\\\/\\\/sialtamira.com\\\/wp-content\\\/uploads\\\/2021\\\/08\\\/MURO-CARAVISTA.jpg\",\"datePublished\":\"2016-05-15T09:03:14+00:00\",\"dateModified\":\"2021-08-02T10:28:18+00:00\",\"breadcrumb\":{\"@id\":\"https:\\\/\\\/sialtamira.com\\\/?page_id=36#breadcrumb\"},\"inLanguage\":\"es\",\"potentialAction\":[{\"@type\":\"ReadAction\",\"target\":[\"https:\\\/\\\/sialtamira.com\\\/?page_id=36\"]}]},{\"@type\":\"ImageObject\",\"inLanguage\":\"es\",\"@id\":\"https:\\\/\\\/sialtamira.com\\\/?page_id=36#primaryimage\",\"url\":\"http:\\\/\\\/sialtamira.com\\\/wp-content\\\/uploads\\\/2021\\\/08\\\/MURO-CARAVISTA.jpg\",\"contentUrl\":\"http:\\\/\\\/sialtamira.com\\\/wp-content\\\/uploads\\\/2021\\\/08\\\/MURO-CARAVISTA.jpg\"},{\"@type\":\"BreadcrumbList\",\"@id\":\"https:\\\/\\\/sialtamira.com\\\/?page_id=36#breadcrumb\",\"itemListElement\":[{\"@type\":\"ListItem\",\"position\":1,\"name\":\"Portada\",\"item\":\"https:\\\/\\\/sialtamira.com\\\/\"},{\"@type\":\"ListItem\",\"position\":2,\"name\":\"Obras en comunidades de propietarios\"}]},{\"@type\":\"WebSite\",\"@id\":\"https:\\\/\\\/sialtamira.com\\\/#website\",\"url\":\"https:\\\/\\\/sialtamira.com\\\/\",\"name\":\"Reformas Construcci\u00f3n Santander Torrelavega Cantabria Altamira\",\"description\":\"CONSTRUCCI\u00d3N REFORMAS REHABILITACI\u00d3N\",\"potentialAction\":[{\"@type\":\"SearchAction\",\"target\":{\"@type\":\"EntryPoint\",\"urlTemplate\":\"https:\\\/\\\/sialtamira.com\\\/?s={search_term_string}\"},\"query-input\":{\"@type\":\"PropertyValueSpecification\",\"valueRequired\":true,\"valueName\":\"search_term_string\"}}],\"inLanguage\":\"es\"}]}<\/script>\n<!-- \/ Yoast SEO plugin. -->","yoast_head_json":{"title":"Obras en comunidades de propietarios - Reformas Construcci\u00f3n Santander Torrelavega Cantabria Altamira","robots":{"index":"index","follow":"follow","max-snippet":"max-snippet:-1","max-image-preview":"max-image-preview:large","max-video-preview":"max-video-preview:-1"},"canonical":"https:\/\/sialtamira.com\/?page_id=36","og_locale":"es_ES","og_type":"article","og_title":"Obras en comunidades de propietarios - Reformas Construcci\u00f3n Santander Torrelavega Cantabria Altamira","og_url":"https:\/\/sialtamira.com\/?page_id=36","og_site_name":"Reformas Construcci\u00f3n Santander Torrelavega Cantabria Altamira","article_modified_time":"2021-08-02T10:28:18+00:00","og_image":[{"url":"http:\/\/sialtamira.com\/wp-content\/uploads\/2021\/08\/MURO-CARAVISTA.jpg","type":"","width":"","height":""}],"twitter_card":"summary_large_image","schema":{"@context":"https:\/\/schema.org","@graph":[{"@type":"WebPage","@id":"https:\/\/sialtamira.com\/?page_id=36","url":"https:\/\/sialtamira.com\/?page_id=36","name":"Obras en comunidades de propietarios - Reformas Construcci\u00f3n Santander Torrelavega Cantabria Altamira","isPartOf":{"@id":"https:\/\/sialtamira.com\/#website"},"primaryImageOfPage":{"@id":"https:\/\/sialtamira.com\/?page_id=36#primaryimage"},"image":{"@id":"https:\/\/sialtamira.com\/?page_id=36#primaryimage"},"thumbnailUrl":"http:\/\/sialtamira.com\/wp-content\/uploads\/2021\/08\/MURO-CARAVISTA.jpg","datePublished":"2016-05-15T09:03:14+00:00","dateModified":"2021-08-02T10:28:18+00:00","breadcrumb":{"@id":"https:\/\/sialtamira.com\/?page_id=36#breadcrumb"},"inLanguage":"es","potentialAction":[{"@type":"ReadAction","target":["https:\/\/sialtamira.com\/?page_id=36"]}]},{"@type":"ImageObject","inLanguage":"es","@id":"https:\/\/sialtamira.com\/?page_id=36#primaryimage","url":"http:\/\/sialtamira.com\/wp-content\/uploads\/2021\/08\/MURO-CARAVISTA.jpg","contentUrl":"http:\/\/sialtamira.com\/wp-content\/uploads\/2021\/08\/MURO-CARAVISTA.jpg"},{"@type":"BreadcrumbList","@id":"https:\/\/sialtamira.com\/?page_id=36#breadcrumb","itemListElement":[{"@type":"ListItem","position":1,"name":"Portada","item":"https:\/\/sialtamira.com\/"},{"@type":"ListItem","position":2,"name":"Obras en comunidades de propietarios"}]},{"@type":"WebSite","@id":"https:\/\/sialtamira.com\/#website","url":"https:\/\/sialtamira.com\/","name":"Reformas Construcci\u00f3n Santander Torrelavega Cantabria Altamira","description":"CONSTRUCCI\u00d3N REFORMAS REHABILITACI\u00d3N","potentialAction":[{"@type":"SearchAction","target":{"@type":"EntryPoint","urlTemplate":"https:\/\/sialtamira.com\/?s={search_term_string}"},"query-input":{"@type":"PropertyValueSpecification","valueRequired":true,"valueName":"search_term_string"}}],"inLanguage":"es"}]}},"_links":{"self":[{"href":"https:\/\/sialtamira.com\/index.php?rest_route=\/wp\/v2\/pages\/36","targetHints":{"allow":["GET"]}}],"collection":[{"href":"https:\/\/sialtamira.com\/index.php?rest_route=\/wp\/v2\/pages"}],"about":[{"href":"https:\/\/sialtamira.com\/index.php?rest_route=\/wp\/v2\/types\/page"}],"author":[{"embeddable":true,"href":"https:\/\/sialtamira.com\/index.php?rest_route=\/wp\/v2\/users\/1"}],"replies":[{"embeddable":true,"href":"https:\/\/sialtamira.com\/index.php?rest_route=%2Fwp%2Fv2%2Fcomments&post=36"}],"version-history":[{"count":7,"href":"https:\/\/sialtamira.com\/index.php?rest_route=\/wp\/v2\/pages\/36\/revisions"}],"predecessor-version":[{"id":266,"href":"https:\/\/sialtamira.com\/index.php?rest_route=\/wp\/v2\/pages\/36\/revisions\/266"}],"wp:attachment":[{"href":"https:\/\/sialtamira.com\/index.php?rest_route=%2Fwp%2Fv2%2Fmedia&parent=36"}],"curies":[{"name":"wp","href":"https:\/\/api.w.org\/{rel}","templated":true}]}}