{"id":38,"date":"2016-05-15T09:03:35","date_gmt":"2016-05-15T09:03:35","guid":{"rendered":"http:\/\/sialtamira.com\/?page_id=38"},"modified":"2021-08-02T11:58:11","modified_gmt":"2021-08-02T11:58:11","slug":"reformas-accesibilidad","status":"publish","type":"page","link":"https:\/\/sialtamira.com\/?page_id=38","title":{"rendered":"Reformas Accesibilidad"},"content":{"rendered":"<figure id=\"attachment_271\" aria-describedby=\"caption-attachment-271\" style=\"width: 2658px\" class=\"wp-caption aligncenter\"><a href=\"http:\/\/sialtamira.com\/wp-content\/uploads\/2021\/08\/BA\u00d1O-HABILITADO.jpg\"><img loading=\"lazy\" decoding=\"async\" class=\"size-full wp-image-271\" src=\"http:\/\/sialtamira.com\/wp-content\/uploads\/2021\/08\/BA\u00d1O-HABILITADO.jpg\" alt=\"\" width=\"2658\" height=\"3264\" srcset=\"https:\/\/sialtamira.com\/wp-content\/uploads\/2021\/08\/BA\u00d1O-HABILITADO.jpg 2658w, https:\/\/sialtamira.com\/wp-content\/uploads\/2021\/08\/BA\u00d1O-HABILITADO-244x300.jpg 244w, https:\/\/sialtamira.com\/wp-content\/uploads\/2021\/08\/BA\u00d1O-HABILITADO-768x943.jpg 768w, https:\/\/sialtamira.com\/wp-content\/uploads\/2021\/08\/BA\u00d1O-HABILITADO-834x1024.jpg 834w\" sizes=\"auto, (max-width: 2658px) 100vw, 2658px\" \/><\/a><figcaption id=\"caption-attachment-271\" class=\"wp-caption-text\">Reforma en ba\u00f1o, habilitado para personas con dependencia, en Santander.<\/figcaption><\/figure>\n","protected":false},"excerpt":{"rendered":"","protected":false},"author":1,"featured_media":0,"parent":0,"menu_order":0,"comment_status":"closed","ping_status":"closed","template":"","meta":{"footnotes":""},"class_list":["post-38","page","type-page","status-publish","hentry","entry"],"yoast_head":"<!-- This site is optimized with the Yoast SEO plugin v27.4 - https:\/\/yoast.com\/product\/yoast-seo-wordpress\/ -->\n<title>Reformas Accesibilidad - Reformas Construcci\u00f3n Santander Torrelavega Cantabria Altamira<\/title>\n<meta name=\"robots\" content=\"index, follow, max-snippet:-1, max-image-preview:large, max-video-preview:-1\" \/>\n<link rel=\"canonical\" href=\"https:\/\/sialtamira.com\/?page_id=38\" \/>\n<meta property=\"og:locale\" content=\"es_ES\" \/>\n<meta property=\"og:type\" content=\"article\" \/>\n<meta property=\"og:title\" content=\"Reformas Accesibilidad - Reformas Construcci\u00f3n Santander Torrelavega Cantabria Altamira\" \/>\n<meta property=\"og:url\" content=\"https:\/\/sialtamira.com\/?page_id=38\" \/>\n<meta property=\"og:site_name\" content=\"Reformas Construcci\u00f3n Santander Torrelavega Cantabria Altamira\" \/>\n<meta property=\"article:modified_time\" content=\"2021-08-02T11:58:11+00:00\" \/>\n<meta name=\"twitter:card\" content=\"summary_large_image\" \/>\n<script type=\"application\/ld+json\" class=\"yoast-schema-graph\">{\"@context\":\"https:\\\/\\\/schema.org\",\"@graph\":[{\"@type\":\"WebPage\",\"@id\":\"https:\\\/\\\/sialtamira.com\\\/?page_id=38\",\"url\":\"https:\\\/\\\/sialtamira.com\\\/?page_id=38\",\"name\":\"Reformas Accesibilidad - Reformas Construcci\u00f3n Santander Torrelavega Cantabria Altamira\",\"isPartOf\":{\"@id\":\"https:\\\/\\\/sialtamira.com\\\/#website\"},\"datePublished\":\"2016-05-15T09:03:35+00:00\",\"dateModified\":\"2021-08-02T11:58:11+00:00\",\"breadcrumb\":{\"@id\":\"https:\\\/\\\/sialtamira.com\\\/?page_id=38#breadcrumb\"},\"inLanguage\":\"es\",\"potentialAction\":[{\"@type\":\"ReadAction\",\"target\":[\"https:\\\/\\\/sialtamira.com\\\/?page_id=38\"]}]},{\"@type\":\"BreadcrumbList\",\"@id\":\"https:\\\/\\\/sialtamira.com\\\/?page_id=38#breadcrumb\",\"itemListElement\":[{\"@type\":\"ListItem\",\"position\":1,\"name\":\"Portada\",\"item\":\"https:\\\/\\\/sialtamira.com\\\/\"},{\"@type\":\"ListItem\",\"position\":2,\"name\":\"Reformas Accesibilidad\"}]},{\"@type\":\"WebSite\",\"@id\":\"https:\\\/\\\/sialtamira.com\\\/#website\",\"url\":\"https:\\\/\\\/sialtamira.com\\\/\",\"name\":\"Reformas Construcci\u00f3n Santander Torrelavega Cantabria Altamira\",\"description\":\"CONSTRUCCI\u00d3N REFORMAS REHABILITACI\u00d3N\",\"potentialAction\":[{\"@type\":\"SearchAction\",\"target\":{\"@type\":\"EntryPoint\",\"urlTemplate\":\"https:\\\/\\\/sialtamira.com\\\/?s={search_term_string}\"},\"query-input\":{\"@type\":\"PropertyValueSpecification\",\"valueRequired\":true,\"valueName\":\"search_term_string\"}}],\"inLanguage\":\"es\"}]}<\/script>\n<!-- \/ Yoast SEO plugin. -->","yoast_head_json":{"title":"Reformas Accesibilidad - Reformas Construcci\u00f3n Santander Torrelavega Cantabria Altamira","robots":{"index":"index","follow":"follow","max-snippet":"max-snippet:-1","max-image-preview":"max-image-preview:large","max-video-preview":"max-video-preview:-1"},"canonical":"https:\/\/sialtamira.com\/?page_id=38","og_locale":"es_ES","og_type":"article","og_title":"Reformas Accesibilidad - Reformas Construcci\u00f3n Santander Torrelavega Cantabria Altamira","og_url":"https:\/\/sialtamira.com\/?page_id=38","og_site_name":"Reformas Construcci\u00f3n Santander Torrelavega Cantabria Altamira","article_modified_time":"2021-08-02T11:58:11+00:00","twitter_card":"summary_large_image","schema":{"@context":"https:\/\/schema.org","@graph":[{"@type":"WebPage","@id":"https:\/\/sialtamira.com\/?page_id=38","url":"https:\/\/sialtamira.com\/?page_id=38","name":"Reformas Accesibilidad - Reformas Construcci\u00f3n Santander Torrelavega Cantabria Altamira","isPartOf":{"@id":"https:\/\/sialtamira.com\/#website"},"datePublished":"2016-05-15T09:03:35+00:00","dateModified":"2021-08-02T11:58:11+00:00","breadcrumb":{"@id":"https:\/\/sialtamira.com\/?page_id=38#breadcrumb"},"inLanguage":"es","potentialAction":[{"@type":"ReadAction","target":["https:\/\/sialtamira.com\/?page_id=38"]}]},{"@type":"BreadcrumbList","@id":"https:\/\/sialtamira.com\/?page_id=38#breadcrumb","itemListElement":[{"@type":"ListItem","position":1,"name":"Portada","item":"https:\/\/sialtamira.com\/"},{"@type":"ListItem","position":2,"name":"Reformas Accesibilidad"}]},{"@type":"WebSite","@id":"https:\/\/sialtamira.com\/#website","url":"https:\/\/sialtamira.com\/","name":"Reformas Construcci\u00f3n Santander Torrelavega Cantabria Altamira","description":"CONSTRUCCI\u00d3N REFORMAS REHABILITACI\u00d3N","potentialAction":[{"@type":"SearchAction","target":{"@type":"EntryPoint","urlTemplate":"https:\/\/sialtamira.com\/?s={search_term_string}"},"query-input":{"@type":"PropertyValueSpecification","valueRequired":true,"valueName":"search_term_string"}}],"inLanguage":"es"}]}},"_links":{"self":[{"href":"https:\/\/sialtamira.com\/index.php?rest_route=\/wp\/v2\/pages\/38","targetHints":{"allow":["GET"]}}],"collection":[{"href":"https:\/\/sialtamira.com\/index.php?rest_route=\/wp\/v2\/pages"}],"about":[{"href":"https:\/\/sialtamira.com\/index.php?rest_route=\/wp\/v2\/types\/page"}],"author":[{"embeddable":true,"href":"https:\/\/sialtamira.com\/index.php?rest_route=\/wp\/v2\/users\/1"}],"replies":[{"embeddable":true,"href":"https:\/\/sialtamira.com\/index.php?rest_route=%2Fwp%2Fv2%2Fcomments&post=38"}],"version-history":[{"count":3,"href":"https:\/\/sialtamira.com\/index.php?rest_route=\/wp\/v2\/pages\/38\/revisions"}],"predecessor-version":[{"id":273,"href":"https:\/\/sialtamira.com\/index.php?rest_route=\/wp\/v2\/pages\/38\/revisions\/273"}],"wp:attachment":[{"href":"https:\/\/sialtamira.com\/index.php?rest_route=%2Fwp%2Fv2%2Fmedia&parent=38"}],"curies":[{"name":"wp","href":"https:\/\/api.w.org\/{rel}","templated":true}]}}