{"id":82,"date":"2016-05-21T20:25:14","date_gmt":"2016-05-21T20:25:14","guid":{"rendered":"http:\/\/sialtamira.com\/?page_id=82"},"modified":"2025-11-25T19:04:09","modified_gmt":"2025-11-25T19:04:09","slug":"presupuesto-reforma-en-santander-torrelavega-cantabria","status":"publish","type":"page","link":"https:\/\/sialtamira.com\/","title":{"rendered":"business"},"content":{"rendered":"<p>Solicite informaci\u00f3n y presupuesto sin compromiso a S.I.ALTAMIRA si est\u00e1 buscando una empresa especializada en reformas integrales en CANTABRIA con todo tipo de proyectos personalizados, adem\u00e1s de con el mejor asesoramiento t\u00e9cnico profesional en funci\u00f3n de las caracter\u00edsticas de su vivienda.<\/p>\n<p>Realizamos toda clase de reformas en interiores y exteriores, rehabilitaciones o proyectos de interiorismo.<\/p>\n<p>S.I.ALTAMIRA reforma y rehabilita su hogar u oficina y le ofrece soluciones constructivas a su medida, adem\u00e1s de toda su experiencia y asesoramiento en materia de materiales, tendencias y decoraci\u00f3n para crear espacios a gusto del cliente.<\/p>\n<p>PIDE TU PRESUPUESTO DE REFORMA EN SANTANDER TORRELAVEGA CANTABRIA EN EL 942 148438 \/ 635788056 o mediante nuestro formulario.<\/p>\n","protected":false},"excerpt":{"rendered":"<p>Solicite informaci\u00f3n y presupuesto sin compromiso a S.I.ALTAMIRA si est\u00e1 buscando una empresa especializada en reformas integrales en CANTABRIA con todo tipo de proyectos personalizados, adem\u00e1s de con el mejor asesoramiento t\u00e9cnico profesional en funci\u00f3n de las caracter\u00edsticas de su vivienda. Realizamos toda clase de reformas en interiores y exteriores, rehabilitaciones o proyectos de interiorismo.&hellip; <a class=\"more-link\" href=\"https:\/\/sialtamira.com\/\">Seguir leyendo <span class=\"screen-reader-text\">business<\/span><\/a><\/p>\n","protected":false},"author":1,"featured_media":0,"parent":0,"menu_order":0,"comment_status":"closed","ping_status":"closed","template":"page-templates\/business.php","meta":{"footnotes":""},"class_list":["post-82","page","type-page","status-publish","hentry","entry"],"yoast_head":"<!-- This site is optimized with the Yoast SEO plugin v27.4 - https:\/\/yoast.com\/product\/yoast-seo-wordpress\/ -->\n<title>business - Reformas Construcci\u00f3n Santander Torrelavega Cantabria Altamira<\/title>\n<meta name=\"robots\" content=\"index, follow, max-snippet:-1, max-image-preview:large, max-video-preview:-1\" \/>\n<link rel=\"canonical\" href=\"https:\/\/sialtamira.com\/\" \/>\n<meta property=\"og:locale\" content=\"es_ES\" \/>\n<meta property=\"og:type\" content=\"article\" \/>\n<meta property=\"og:title\" content=\"business - Reformas Construcci\u00f3n Santander Torrelavega Cantabria Altamira\" \/>\n<meta property=\"og:description\" content=\"Solicite informaci\u00f3n y presupuesto sin compromiso a S.I.ALTAMIRA si est\u00e1 buscando una empresa especializada en reformas integrales en CANTABRIA con todo tipo de proyectos personalizados, adem\u00e1s de con el mejor asesoramiento t\u00e9cnico profesional en funci\u00f3n de las caracter\u00edsticas de su vivienda. Realizamos toda clase de reformas en interiores y exteriores, rehabilitaciones o proyectos de interiorismo.&hellip; Seguir leyendo business\" \/>\n<meta property=\"og:url\" content=\"https:\/\/sialtamira.com\/\" \/>\n<meta property=\"og:site_name\" content=\"Reformas Construcci\u00f3n Santander Torrelavega Cantabria Altamira\" \/>\n<meta property=\"article:modified_time\" content=\"2025-11-25T19:04:09+00:00\" \/>\n<meta name=\"twitter:card\" content=\"summary_large_image\" \/>\n<meta name=\"twitter:label1\" content=\"Tiempo de lectura\" \/>\n\t<meta name=\"twitter:data1\" content=\"1 minuto\" \/>\n<script type=\"application\/ld+json\" class=\"yoast-schema-graph\">{\"@context\":\"https:\\\/\\\/schema.org\",\"@graph\":[{\"@type\":\"WebPage\",\"@id\":\"https:\\\/\\\/sialtamira.com\\\/\",\"url\":\"https:\\\/\\\/sialtamira.com\\\/\",\"name\":\"business - Reformas Construcci\u00f3n Santander Torrelavega Cantabria Altamira\",\"isPartOf\":{\"@id\":\"https:\\\/\\\/sialtamira.com\\\/#website\"},\"datePublished\":\"2016-05-21T20:25:14+00:00\",\"dateModified\":\"2025-11-25T19:04:09+00:00\",\"breadcrumb\":{\"@id\":\"https:\\\/\\\/sialtamira.com\\\/#breadcrumb\"},\"inLanguage\":\"es\",\"potentialAction\":[{\"@type\":\"ReadAction\",\"target\":[\"https:\\\/\\\/sialtamira.com\\\/\"]}]},{\"@type\":\"BreadcrumbList\",\"@id\":\"https:\\\/\\\/sialtamira.com\\\/#breadcrumb\",\"itemListElement\":[{\"@type\":\"ListItem\",\"position\":1,\"name\":\"Portada\",\"item\":\"https:\\\/\\\/sialtamira.com\\\/\"},{\"@type\":\"ListItem\",\"position\":2,\"name\":\"business\"}]},{\"@type\":\"WebSite\",\"@id\":\"https:\\\/\\\/sialtamira.com\\\/#website\",\"url\":\"https:\\\/\\\/sialtamira.com\\\/\",\"name\":\"Reformas Construcci\u00f3n Santander Torrelavega Cantabria Altamira\",\"description\":\"CONSTRUCCI\u00d3N REFORMAS REHABILITACI\u00d3N\",\"potentialAction\":[{\"@type\":\"SearchAction\",\"target\":{\"@type\":\"EntryPoint\",\"urlTemplate\":\"https:\\\/\\\/sialtamira.com\\\/?s={search_term_string}\"},\"query-input\":{\"@type\":\"PropertyValueSpecification\",\"valueRequired\":true,\"valueName\":\"search_term_string\"}}],\"inLanguage\":\"es\"}]}<\/script>\n<!-- \/ Yoast SEO plugin. -->","yoast_head_json":{"title":"business - Reformas Construcci\u00f3n Santander Torrelavega Cantabria Altamira","robots":{"index":"index","follow":"follow","max-snippet":"max-snippet:-1","max-image-preview":"max-image-preview:large","max-video-preview":"max-video-preview:-1"},"canonical":"https:\/\/sialtamira.com\/","og_locale":"es_ES","og_type":"article","og_title":"business - Reformas Construcci\u00f3n Santander Torrelavega Cantabria Altamira","og_description":"Solicite informaci\u00f3n y presupuesto sin compromiso a S.I.ALTAMIRA si est\u00e1 buscando una empresa especializada en reformas integrales en CANTABRIA con todo tipo de proyectos personalizados, adem\u00e1s de con el mejor asesoramiento t\u00e9cnico profesional en funci\u00f3n de las caracter\u00edsticas de su vivienda. Realizamos toda clase de reformas en interiores y exteriores, rehabilitaciones o proyectos de interiorismo.&hellip; Seguir leyendo business","og_url":"https:\/\/sialtamira.com\/","og_site_name":"Reformas Construcci\u00f3n Santander Torrelavega Cantabria Altamira","article_modified_time":"2025-11-25T19:04:09+00:00","twitter_card":"summary_large_image","twitter_misc":{"Tiempo de lectura":"1 minuto"},"schema":{"@context":"https:\/\/schema.org","@graph":[{"@type":"WebPage","@id":"https:\/\/sialtamira.com\/","url":"https:\/\/sialtamira.com\/","name":"business - Reformas Construcci\u00f3n Santander Torrelavega Cantabria Altamira","isPartOf":{"@id":"https:\/\/sialtamira.com\/#website"},"datePublished":"2016-05-21T20:25:14+00:00","dateModified":"2025-11-25T19:04:09+00:00","breadcrumb":{"@id":"https:\/\/sialtamira.com\/#breadcrumb"},"inLanguage":"es","potentialAction":[{"@type":"ReadAction","target":["https:\/\/sialtamira.com\/"]}]},{"@type":"BreadcrumbList","@id":"https:\/\/sialtamira.com\/#breadcrumb","itemListElement":[{"@type":"ListItem","position":1,"name":"Portada","item":"https:\/\/sialtamira.com\/"},{"@type":"ListItem","position":2,"name":"business"}]},{"@type":"WebSite","@id":"https:\/\/sialtamira.com\/#website","url":"https:\/\/sialtamira.com\/","name":"Reformas Construcci\u00f3n Santander Torrelavega Cantabria Altamira","description":"CONSTRUCCI\u00d3N REFORMAS REHABILITACI\u00d3N","potentialAction":[{"@type":"SearchAction","target":{"@type":"EntryPoint","urlTemplate":"https:\/\/sialtamira.com\/?s={search_term_string}"},"query-input":{"@type":"PropertyValueSpecification","valueRequired":true,"valueName":"search_term_string"}}],"inLanguage":"es"}]}},"_links":{"self":[{"href":"https:\/\/sialtamira.com\/index.php?rest_route=\/wp\/v2\/pages\/82","targetHints":{"allow":["GET"]}}],"collection":[{"href":"https:\/\/sialtamira.com\/index.php?rest_route=\/wp\/v2\/pages"}],"about":[{"href":"https:\/\/sialtamira.com\/index.php?rest_route=\/wp\/v2\/types\/page"}],"author":[{"embeddable":true,"href":"https:\/\/sialtamira.com\/index.php?rest_route=\/wp\/v2\/users\/1"}],"replies":[{"embeddable":true,"href":"https:\/\/sialtamira.com\/index.php?rest_route=%2Fwp%2Fv2%2Fcomments&post=82"}],"version-history":[{"count":3,"href":"https:\/\/sialtamira.com\/index.php?rest_route=\/wp\/v2\/pages\/82\/revisions"}],"predecessor-version":[{"id":133,"href":"https:\/\/sialtamira.com\/index.php?rest_route=\/wp\/v2\/pages\/82\/revisions\/133"}],"wp:attachment":[{"href":"https:\/\/sialtamira.com\/index.php?rest_route=%2Fwp%2Fv2%2Fmedia&parent=82"}],"curies":[{"name":"wp","href":"https:\/\/api.w.org\/{rel}","templated":true}]}}